
{"id":1647,"date":"2025-03-24T16:55:04","date_gmt":"2025-03-24T15:55:04","guid":{"rendered":"https:\/\/qamh.ma\/?post_type=product&#038;p=1647"},"modified":"2025-10-17T10:24:29","modified_gmt":"2025-10-17T09:24:29","slug":"shilajite","status":"publish","type":"product","link":"https:\/\/qamh.ma\/ar\/product\/shilajite\/","title":{"rendered":"\u0634\u064a\u0644\u0627\u062c\u064a\u062a"},"content":{"rendered":"<p><strong>Shilajit<\/strong>\u00a0est un compl\u00e9ment alimentaire naturel inspir\u00e9 de la\u00a0<strong>m\u00e9decine traditionnelle indienne.<\/strong><\/p>\n<p>Le Shilajit est une substance complexe min\u00e9rale et v\u00e9g\u00e9tale que l\u2019on trouve principalement dans l\u2019Himalaya, mais aussi dans les montagnes du Tibet, de la Chine et de la Russie. C\u2019est une huile min\u00e9rale et organique \u00e9paisse, semblable \u00e0 un goudron naturel, dont la couleur varie du blanc au brun fonc\u00e9. Le shilajit est \u00e9galement appel\u00e9e\u00a0<em>shilajitu<\/em>\u00a0en sanskrit, signifiant \u00ab conqu\u00e9rant des montagnes et destructeur de faiblesse \u00bb. Il est utilis\u00e9 depuis plus de 3000 ans selon l&rsquo;Ayurveda.<\/p>\n<h2>Les bienfaits du Shilajit :<\/h2>\n<ul>\n<li>Il soutient la fonction mentale et cognitive,<\/li>\n<li>Il soutient la fonction sexuelle masculine et f\u00e9minine.<\/li>\n<li>Il aide \u00e0 maintenir l&rsquo;\u00e9quilibre et le confort du cycle menstruel,<\/li>\n<li>Il soutient le m\u00e9tabolisme des graisses et des sucres, et aide \u00e0 normaliser le poids corporel,<\/li>\n<li>Il aide \u00e0 maintenir la sant\u00e9 du syst\u00e8me urinaire et la sant\u00e9 de la glande de la prostate,<\/li>\n<li>Enfin, il aide \u00e0 maintenir la force des os et la sant\u00e9 des articulations.<\/li>\n<\/ul>\n<p>&nbsp;<\/p>","protected":false},"excerpt":{"rendered":"<p>Shilajit\u00a0est un compl\u00e9ment alimentaire naturel inspir\u00e9 de la\u00a0m\u00e9decine traditionnelle indienne. Le Shilajit est une substance complexe min\u00e9rale et v\u00e9g\u00e9tale que l\u2019on trouve principalement dans l\u2019Himalaya, mais aussi dans les montagnes du Tibet, de la Chine et de la Russie. C\u2019est une huile min\u00e9rale et organique \u00e9paisse, semblable \u00e0 un goudron naturel, dont la couleur varie [&hellip;]<\/p>","protected":false},"featured_media":1649,"comment_status":"open","ping_status":"closed","template":"","meta":{"_eb_attr":""},"product_cat":[29,33,23],"product_tag":[],"class_list":{"0":"post-1647","1":"product","2":"type-product","3":"status-publish","4":"has-post-thumbnail","6":"product_cat-categories","7":"product_cat-herbes","8":"product_cat-nouveau","10":"first","11":"instock","12":"taxable","13":"shipping-taxable","14":"purchasable","15":"product-type-simple"},"yoast_head":"<!-- This site is optimized with the Yoast SEO plugin v26.0 - https:\/\/yoast.com\/wordpress\/plugins\/seo\/ -->\n<title>SHILAJITE - \u062a\u0630\u0648\u0651\u064e\u0642 \u0627\u0644\u0623\u0645\u0627\u0646<\/title>\n<meta name=\"description\" content=\"\u0645\u0627 \u0646\u0642\u062f\u0645\u0647 \u0628\u062b\u0642\u0629 \u0648\u0623\u062e\u0644\u0627\u0642 \u0648\u0645\u0633\u0624\u0648\u0644\u064a\u0629\u060c \u0633\u064a\u0633\u0627\u0647\u0645 \u0641\u064a \u062a\u063a\u064a\u064a\u0631 \u0641\u0643\u0631\u0643 \u062d\u0648\u0644 \u0645\u0639\u0646\u0649 \u0627\u0644\u062a\u0633\u0648\u0642 \u0641\u064a \u0627\u0644\u0645\u063a\u0631\u0628\" \/>\n<meta name=\"robots\" content=\"index, follow, max-snippet:-1, max-image-preview:large, max-video-preview:-1\" \/>\n<link rel=\"canonical\" href=\"https:\/\/qamh.ma\/ar\/product\/shilajite\/\" \/>\n<meta property=\"og:locale\" content=\"ar_AR\" \/>\n<meta property=\"og:type\" content=\"article\" \/>\n<meta property=\"og:title\" content=\"SHILAJITE - \u062a\u0630\u0648\u0651\u064e\u0642 \u0627\u0644\u0623\u0645\u0627\u0646\" \/>\n<meta property=\"og:description\" content=\"\u0645\u0627 \u0646\u0642\u062f\u0645\u0647 \u0628\u062b\u0642\u0629 \u0648\u0623\u062e\u0644\u0627\u0642 \u0648\u0645\u0633\u0624\u0648\u0644\u064a\u0629\u060c \u0633\u064a\u0633\u0627\u0647\u0645 \u0641\u064a \u062a\u063a\u064a\u064a\u0631 \u0641\u0643\u0631\u0643 \u062d\u0648\u0644 \u0645\u0639\u0646\u0649 \u0627\u0644\u062a\u0633\u0648\u0642 \u0641\u064a \u0627\u0644\u0645\u063a\u0631\u0628\" \/>\n<meta property=\"og:url\" content=\"https:\/\/qamh.ma\/ar\/product\/shilajite\/\" \/>\n<meta property=\"og:site_name\" content=\"qamh\" \/>\n<meta property=\"article:publisher\" content=\"https:\/\/web.facebook.com\/profile.php?id=100091915732106\" \/>\n<meta property=\"article:modified_time\" content=\"2025-10-17T09:24:29+00:00\" \/>\n<meta property=\"og:image\" content=\"https:\/\/qamh.ma\/wp-content\/uploads\/2025\/03\/SHILAGITE.webp\" \/>\n\t<meta property=\"og:image:width\" content=\"1000\" \/>\n\t<meta property=\"og:image:height\" content=\"1000\" \/>\n\t<meta property=\"og:image:type\" content=\"image\/webp\" \/>\n<meta name=\"twitter:card\" content=\"summary_large_image\" \/>\n<meta name=\"twitter:label1\" content=\"\u0648\u0642\u062a \u0627\u0644\u0642\u0631\u0627\u0621\u0629 \u0627\u0644\u0645\u064f\u0642\u062f\u0651\u0631\" \/>\n\t<meta name=\"twitter:data1\" content=\"\u062f\u0642\u064a\u0642\u0629 \u0648\u0627\u062d\u062f\u0629\" \/>\n<script type=\"application\/ld+json\" class=\"yoast-schema-graph\">{\"@context\":\"https:\/\/schema.org\",\"@graph\":[{\"@type\":[\"WebPage\",\"ItemPage\"],\"@id\":\"https:\/\/qamh.ma\/produit\/shilajite\/\",\"url\":\"https:\/\/qamh.ma\/produit\/shilajite\/\",\"name\":\"SHILAJITE - \u062a\u0630\u0648\u0651\u064e\u0642 \u0627\u0644\u0623\u0645\u0627\u0646\",\"isPartOf\":{\"@id\":\"https:\/\/qamh.ma\/#website\"},\"primaryImageOfPage\":{\"@id\":\"https:\/\/qamh.ma\/produit\/shilajite\/#primaryimage\"},\"image\":{\"@id\":\"https:\/\/qamh.ma\/produit\/shilajite\/#primaryimage\"},\"thumbnailUrl\":\"https:\/\/qamh.ma\/wp-content\/uploads\/2025\/03\/SHILAGITE.webp\",\"datePublished\":\"2025-03-24T15:55:04+00:00\",\"dateModified\":\"2025-10-17T09:24:29+00:00\",\"description\":\"\u0645\u0627 \u0646\u0642\u062f\u0645\u0647 \u0628\u062b\u0642\u0629 \u0648\u0623\u062e\u0644\u0627\u0642 \u0648\u0645\u0633\u0624\u0648\u0644\u064a\u0629\u060c \u0633\u064a\u0633\u0627\u0647\u0645 \u0641\u064a \u062a\u063a\u064a\u064a\u0631 \u0641\u0643\u0631\u0643 \u062d\u0648\u0644 \u0645\u0639\u0646\u0649 \u0627\u0644\u062a\u0633\u0648\u0642 \u0641\u064a \u0627\u0644\u0645\u063a\u0631\u0628\",\"breadcrumb\":{\"@id\":\"https:\/\/qamh.ma\/produit\/shilajite\/#breadcrumb\"},\"inLanguage\":\"ar\",\"potentialAction\":[{\"@type\":\"ReadAction\",\"target\":[\"https:\/\/qamh.ma\/produit\/shilajite\/\"]}]},{\"@type\":\"ImageObject\",\"inLanguage\":\"ar\",\"@id\":\"https:\/\/qamh.ma\/produit\/shilajite\/#primaryimage\",\"url\":\"https:\/\/qamh.ma\/wp-content\/uploads\/2025\/03\/SHILAGITE.webp\",\"contentUrl\":\"https:\/\/qamh.ma\/wp-content\/uploads\/2025\/03\/SHILAGITE.webp\",\"width\":1000,\"height\":1000},{\"@type\":\"BreadcrumbList\",\"@id\":\"https:\/\/qamh.ma\/produit\/shilajite\/#breadcrumb\",\"itemListElement\":[{\"@type\":\"ListItem\",\"position\":1,\"name\":\"Home\",\"item\":\"https:\/\/qamh.ma\/\"},{\"@type\":\"ListItem\",\"position\":2,\"name\":\"Boutique\",\"item\":\"https:\/\/qamh.ma\/ar\/boutique\/\"},{\"@type\":\"ListItem\",\"position\":3,\"name\":\"SHILAJITE\"}]},{\"@type\":\"WebSite\",\"@id\":\"https:\/\/qamh.ma\/#website\",\"url\":\"https:\/\/qamh.ma\/\",\"name\":\"qamh\",\"description\":\"\u062a\u0630\u0648\u0651\u064e\u0642 \u0627\u0644\u0623\u0645\u0627\u0646\",\"publisher\":{\"@id\":\"https:\/\/qamh.ma\/#organization\"},\"potentialAction\":[{\"@type\":\"SearchAction\",\"target\":{\"@type\":\"EntryPoint\",\"urlTemplate\":\"https:\/\/qamh.ma\/?s={search_term_string}\"},\"query-input\":{\"@type\":\"PropertyValueSpecification\",\"valueRequired\":true,\"valueName\":\"search_term_string\"}}],\"inLanguage\":\"ar\"},{\"@type\":\"Organization\",\"@id\":\"https:\/\/qamh.ma\/#organization\",\"name\":\"qamh\",\"url\":\"https:\/\/qamh.ma\/\",\"logo\":{\"@type\":\"ImageObject\",\"inLanguage\":\"ar\",\"@id\":\"https:\/\/qamh.ma\/#\/schema\/logo\/image\/\",\"url\":\"https:\/\/qamh.ma\/wp-content\/uploads\/2023\/09\/logo.png\",\"contentUrl\":\"https:\/\/qamh.ma\/wp-content\/uploads\/2023\/09\/logo.png\",\"width\":260,\"height\":284,\"caption\":\"qamh\"},\"image\":{\"@id\":\"https:\/\/qamh.ma\/#\/schema\/logo\/image\/\"},\"sameAs\":[\"https:\/\/web.facebook.com\/profile.php?id=100091915732106\",\"https:\/\/www.instagram.com\/qamh.ma\/\"]}]}<\/script>\n<!-- \/ Yoast SEO plugin. -->","yoast_head_json":{"title":"SHILAJITE - \u062a\u0630\u0648\u0651\u064e\u0642 \u0627\u0644\u0623\u0645\u0627\u0646","description":"\u0645\u0627 \u0646\u0642\u062f\u0645\u0647 \u0628\u062b\u0642\u0629 \u0648\u0623\u062e\u0644\u0627\u0642 \u0648\u0645\u0633\u0624\u0648\u0644\u064a\u0629\u060c \u0633\u064a\u0633\u0627\u0647\u0645 \u0641\u064a \u062a\u063a\u064a\u064a\u0631 \u0641\u0643\u0631\u0643 \u062d\u0648\u0644 \u0645\u0639\u0646\u0649 \u0627\u0644\u062a\u0633\u0648\u0642 \u0641\u064a \u0627\u0644\u0645\u063a\u0631\u0628","robots":{"index":"index","follow":"follow","max-snippet":"max-snippet:-1","max-image-preview":"max-image-preview:large","max-video-preview":"max-video-preview:-1"},"canonical":"https:\/\/qamh.ma\/ar\/product\/shilajite\/","og_locale":"ar_AR","og_type":"article","og_title":"SHILAJITE - \u062a\u0630\u0648\u0651\u064e\u0642 \u0627\u0644\u0623\u0645\u0627\u0646","og_description":"\u0645\u0627 \u0646\u0642\u062f\u0645\u0647 \u0628\u062b\u0642\u0629 \u0648\u0623\u062e\u0644\u0627\u0642 \u0648\u0645\u0633\u0624\u0648\u0644\u064a\u0629\u060c \u0633\u064a\u0633\u0627\u0647\u0645 \u0641\u064a \u062a\u063a\u064a\u064a\u0631 \u0641\u0643\u0631\u0643 \u062d\u0648\u0644 \u0645\u0639\u0646\u0649 \u0627\u0644\u062a\u0633\u0648\u0642 \u0641\u064a \u0627\u0644\u0645\u063a\u0631\u0628","og_url":"https:\/\/qamh.ma\/ar\/product\/shilajite\/","og_site_name":"qamh","article_publisher":"https:\/\/web.facebook.com\/profile.php?id=100091915732106","article_modified_time":"2025-10-17T09:24:29+00:00","og_image":[{"width":1000,"height":1000,"url":"https:\/\/qamh.ma\/wp-content\/uploads\/2025\/03\/SHILAGITE.webp","type":"image\/webp"}],"twitter_card":"summary_large_image","twitter_misc":{"\u0648\u0642\u062a \u0627\u0644\u0642\u0631\u0627\u0621\u0629 \u0627\u0644\u0645\u064f\u0642\u062f\u0651\u0631":"\u062f\u0642\u064a\u0642\u0629 \u0648\u0627\u062d\u062f\u0629"},"schema":{"@context":"https:\/\/schema.org","@graph":[{"@type":["WebPage","ItemPage"],"@id":"https:\/\/qamh.ma\/produit\/shilajite\/","url":"https:\/\/qamh.ma\/produit\/shilajite\/","name":"SHILAJITE - \u062a\u0630\u0648\u0651\u064e\u0642 \u0627\u0644\u0623\u0645\u0627\u0646","isPartOf":{"@id":"https:\/\/qamh.ma\/#website"},"primaryImageOfPage":{"@id":"https:\/\/qamh.ma\/produit\/shilajite\/#primaryimage"},"image":{"@id":"https:\/\/qamh.ma\/produit\/shilajite\/#primaryimage"},"thumbnailUrl":"https:\/\/qamh.ma\/wp-content\/uploads\/2025\/03\/SHILAGITE.webp","datePublished":"2025-03-24T15:55:04+00:00","dateModified":"2025-10-17T09:24:29+00:00","description":"\u0645\u0627 \u0646\u0642\u062f\u0645\u0647 \u0628\u062b\u0642\u0629 \u0648\u0623\u062e\u0644\u0627\u0642 \u0648\u0645\u0633\u0624\u0648\u0644\u064a\u0629\u060c \u0633\u064a\u0633\u0627\u0647\u0645 \u0641\u064a \u062a\u063a\u064a\u064a\u0631 \u0641\u0643\u0631\u0643 \u062d\u0648\u0644 \u0645\u0639\u0646\u0649 \u0627\u0644\u062a\u0633\u0648\u0642 \u0641\u064a \u0627\u0644\u0645\u063a\u0631\u0628","breadcrumb":{"@id":"https:\/\/qamh.ma\/produit\/shilajite\/#breadcrumb"},"inLanguage":"ar","potentialAction":[{"@type":"ReadAction","target":["https:\/\/qamh.ma\/produit\/shilajite\/"]}]},{"@type":"ImageObject","inLanguage":"ar","@id":"https:\/\/qamh.ma\/produit\/shilajite\/#primaryimage","url":"https:\/\/qamh.ma\/wp-content\/uploads\/2025\/03\/SHILAGITE.webp","contentUrl":"https:\/\/qamh.ma\/wp-content\/uploads\/2025\/03\/SHILAGITE.webp","width":1000,"height":1000},{"@type":"BreadcrumbList","@id":"https:\/\/qamh.ma\/produit\/shilajite\/#breadcrumb","itemListElement":[{"@type":"ListItem","position":1,"name":"Home","item":"https:\/\/qamh.ma\/"},{"@type":"ListItem","position":2,"name":"Boutique","item":"https:\/\/qamh.ma\/ar\/boutique\/"},{"@type":"ListItem","position":3,"name":"SHILAJITE"}]},{"@type":"WebSite","@id":"https:\/\/qamh.ma\/#website","url":"https:\/\/qamh.ma\/","name":"qamh","description":"\u062a\u0630\u0648\u0651\u064e\u0642 \u0627\u0644\u0623\u0645\u0627\u0646","publisher":{"@id":"https:\/\/qamh.ma\/#organization"},"potentialAction":[{"@type":"SearchAction","target":{"@type":"EntryPoint","urlTemplate":"https:\/\/qamh.ma\/?s={search_term_string}"},"query-input":{"@type":"PropertyValueSpecification","valueRequired":true,"valueName":"search_term_string"}}],"inLanguage":"ar"},{"@type":"Organization","@id":"https:\/\/qamh.ma\/#organization","name":"qamh","url":"https:\/\/qamh.ma\/","logo":{"@type":"ImageObject","inLanguage":"ar","@id":"https:\/\/qamh.ma\/#\/schema\/logo\/image\/","url":"https:\/\/qamh.ma\/wp-content\/uploads\/2023\/09\/logo.png","contentUrl":"https:\/\/qamh.ma\/wp-content\/uploads\/2023\/09\/logo.png","width":260,"height":284,"caption":"qamh"},"image":{"@id":"https:\/\/qamh.ma\/#\/schema\/logo\/image\/"},"sameAs":["https:\/\/web.facebook.com\/profile.php?id=100091915732106","https:\/\/www.instagram.com\/qamh.ma\/"]}]}},"jetpack_sharing_enabled":true,"_links":{"self":[{"href":"https:\/\/qamh.ma\/ar\/wp-json\/wp\/v2\/product\/1647","targetHints":{"allow":["GET"]}}],"collection":[{"href":"https:\/\/qamh.ma\/ar\/wp-json\/wp\/v2\/product"}],"about":[{"href":"https:\/\/qamh.ma\/ar\/wp-json\/wp\/v2\/types\/product"}],"replies":[{"embeddable":true,"href":"https:\/\/qamh.ma\/ar\/wp-json\/wp\/v2\/comments?post=1647"}],"wp:featuredmedia":[{"embeddable":true,"href":"https:\/\/qamh.ma\/ar\/wp-json\/wp\/v2\/media\/1649"}],"wp:attachment":[{"href":"https:\/\/qamh.ma\/ar\/wp-json\/wp\/v2\/media?parent=1647"}],"wp:term":[{"taxonomy":"product_cat","embeddable":true,"href":"https:\/\/qamh.ma\/ar\/wp-json\/wp\/v2\/product_cat?post=1647"},{"taxonomy":"product_tag","embeddable":true,"href":"https:\/\/qamh.ma\/ar\/wp-json\/wp\/v2\/product_tag?post=1647"}],"curies":[{"name":"wp","href":"https:\/\/api.w.org\/{rel}","templated":true}]}}