
{"id":1676,"date":"2025-05-16T18:15:30","date_gmt":"2025-05-16T17:15:30","guid":{"rendered":"https:\/\/qamh.ma\/?post_type=product&#038;p=1676"},"modified":"2025-11-21T12:18:36","modified_gmt":"2025-11-21T11:18:36","slug":"psyllium-bran-250g","status":"publish","type":"product","link":"https:\/\/qamh.ma\/ar\/product\/psyllium-bran-250g\/","title":{"rendered":"\u0646\u062e\u0627\u0644\u0629 \u0642\u0627\u0637\u0648\u0646\u0629"},"content":{"rendered":"<h1><strong>Les Avantages :<\/strong><\/h1>\n<ul>\n<li>Gestion de la glyc\u00e9mie<\/li>\n<li>Soulage la constipation<\/li>\n<li>Traitement de la diarrh\u00e9e<\/li>\n<li>Augmenter la sati\u00e9t\u00e9<\/li>\n<li>Gestion du poids<\/li>\n<li>R\u00e9duire le cholest\u00e9rol<\/li>\n<li>Promouvoir la sant\u00e9 cardiaque<\/li>\n<li>Effets pr\u00e9biotiques positifs<\/li>\n<\/ul>","protected":false},"excerpt":{"rendered":"<p>Les Avantages : Gestion de la glyc\u00e9mie Soulage la constipation Traitement de la diarrh\u00e9e Augmenter la sati\u00e9t\u00e9 Gestion du poids R\u00e9duire le cholest\u00e9rol Promouvoir la sant\u00e9 cardiaque Effets pr\u00e9biotiques positifs<\/p>","protected":false},"featured_media":1677,"comment_status":"open","ping_status":"closed","template":"","meta":{"_eb_attr":""},"product_cat":[33,23],"product_tag":[],"class_list":{"0":"post-1676","1":"product","2":"type-product","3":"status-publish","4":"has-post-thumbnail","6":"product_cat-herbes","7":"product_cat-nouveau","9":"first","10":"instock","11":"taxable","12":"shipping-taxable","13":"purchasable","14":"product-type-simple"},"yoast_head":"<!-- This site is optimized with the Yoast SEO plugin v26.0 - https:\/\/yoast.com\/wordpress\/plugins\/seo\/ -->\n<title>PSYLLIUM BRAN 250g - \u062a\u0630\u0648\u0651\u064e\u0642 \u0627\u0644\u0623\u0645\u0627\u0646<\/title>\n<meta name=\"description\" content=\"\u0645\u0627 \u0646\u0642\u062f\u0645\u0647 \u0628\u062b\u0642\u0629 \u0648\u0623\u062e\u0644\u0627\u0642 \u0648\u0645\u0633\u0624\u0648\u0644\u064a\u0629\u060c \u0633\u064a\u0633\u0627\u0647\u0645 \u0641\u064a \u062a\u063a\u064a\u064a\u0631 \u0641\u0643\u0631\u0643 \u062d\u0648\u0644 \u0645\u0639\u0646\u0649 \u0627\u0644\u062a\u0633\u0648\u0642 \u0641\u064a \u0627\u0644\u0645\u063a\u0631\u0628\" \/>\n<meta name=\"robots\" content=\"index, follow, max-snippet:-1, max-image-preview:large, max-video-preview:-1\" \/>\n<link rel=\"canonical\" href=\"https:\/\/qamh.ma\/ar\/product\/psyllium-bran-250g\/\" \/>\n<meta property=\"og:locale\" content=\"ar_AR\" \/>\n<meta property=\"og:type\" content=\"article\" \/>\n<meta property=\"og:title\" content=\"PSYLLIUM BRAN 250g - \u062a\u0630\u0648\u0651\u064e\u0642 \u0627\u0644\u0623\u0645\u0627\u0646\" \/>\n<meta property=\"og:description\" content=\"\u0645\u0627 \u0646\u0642\u062f\u0645\u0647 \u0628\u062b\u0642\u0629 \u0648\u0623\u062e\u0644\u0627\u0642 \u0648\u0645\u0633\u0624\u0648\u0644\u064a\u0629\u060c \u0633\u064a\u0633\u0627\u0647\u0645 \u0641\u064a \u062a\u063a\u064a\u064a\u0631 \u0641\u0643\u0631\u0643 \u062d\u0648\u0644 \u0645\u0639\u0646\u0649 \u0627\u0644\u062a\u0633\u0648\u0642 \u0641\u064a \u0627\u0644\u0645\u063a\u0631\u0628\" \/>\n<meta property=\"og:url\" content=\"https:\/\/qamh.ma\/ar\/product\/psyllium-bran-250g\/\" \/>\n<meta property=\"og:site_name\" content=\"qamh\" \/>\n<meta property=\"article:publisher\" content=\"https:\/\/web.facebook.com\/profile.php?id=100091915732106\" \/>\n<meta property=\"article:modified_time\" content=\"2025-11-21T11:18:36+00:00\" \/>\n<meta property=\"og:image\" content=\"https:\/\/qamh.ma\/wp-content\/uploads\/2025\/05\/\u0646\u062e\u0627\u0644\u0629-\u0642\u0627\u0637\u0648\u0646\u0629.jpg\" \/>\n\t<meta property=\"og:image:width\" content=\"1000\" \/>\n\t<meta property=\"og:image:height\" content=\"1000\" \/>\n\t<meta property=\"og:image:type\" content=\"image\/jpeg\" \/>\n<meta name=\"twitter:card\" content=\"summary_large_image\" \/>\n<meta name=\"twitter:label1\" content=\"\u0648\u0642\u062a \u0627\u0644\u0642\u0631\u0627\u0621\u0629 \u0627\u0644\u0645\u064f\u0642\u062f\u0651\u0631\" \/>\n\t<meta name=\"twitter:data1\" content=\"\u062f\u0642\u064a\u0642\u0629 \u0648\u0627\u062d\u062f\u0629\" \/>\n<script type=\"application\/ld+json\" class=\"yoast-schema-graph\">{\"@context\":\"https:\/\/schema.org\",\"@graph\":[{\"@type\":[\"WebPage\",\"ItemPage\"],\"@id\":\"https:\/\/qamh.ma\/produit\/psyllium-bran-250g\/\",\"url\":\"https:\/\/qamh.ma\/produit\/psyllium-bran-250g\/\",\"name\":\"PSYLLIUM BRAN 250g - \u062a\u0630\u0648\u0651\u064e\u0642 \u0627\u0644\u0623\u0645\u0627\u0646\",\"isPartOf\":{\"@id\":\"https:\/\/qamh.ma\/#website\"},\"primaryImageOfPage\":{\"@id\":\"https:\/\/qamh.ma\/produit\/psyllium-bran-250g\/#primaryimage\"},\"image\":{\"@id\":\"https:\/\/qamh.ma\/produit\/psyllium-bran-250g\/#primaryimage\"},\"thumbnailUrl\":\"https:\/\/qamh.ma\/wp-content\/uploads\/2025\/05\/\u0646\u062e\u0627\u0644\u0629-\u0642\u0627\u0637\u0648\u0646\u0629.jpg\",\"datePublished\":\"2025-05-16T17:15:30+00:00\",\"dateModified\":\"2025-11-21T11:18:36+00:00\",\"description\":\"\u0645\u0627 \u0646\u0642\u062f\u0645\u0647 \u0628\u062b\u0642\u0629 \u0648\u0623\u062e\u0644\u0627\u0642 \u0648\u0645\u0633\u0624\u0648\u0644\u064a\u0629\u060c \u0633\u064a\u0633\u0627\u0647\u0645 \u0641\u064a \u062a\u063a\u064a\u064a\u0631 \u0641\u0643\u0631\u0643 \u062d\u0648\u0644 \u0645\u0639\u0646\u0649 \u0627\u0644\u062a\u0633\u0648\u0642 \u0641\u064a \u0627\u0644\u0645\u063a\u0631\u0628\",\"breadcrumb\":{\"@id\":\"https:\/\/qamh.ma\/produit\/psyllium-bran-250g\/#breadcrumb\"},\"inLanguage\":\"ar\",\"potentialAction\":[{\"@type\":\"ReadAction\",\"target\":[\"https:\/\/qamh.ma\/produit\/psyllium-bran-250g\/\"]}]},{\"@type\":\"ImageObject\",\"inLanguage\":\"ar\",\"@id\":\"https:\/\/qamh.ma\/produit\/psyllium-bran-250g\/#primaryimage\",\"url\":\"https:\/\/qamh.ma\/wp-content\/uploads\/2025\/05\/\u0646\u062e\u0627\u0644\u0629-\u0642\u0627\u0637\u0648\u0646\u0629.jpg\",\"contentUrl\":\"https:\/\/qamh.ma\/wp-content\/uploads\/2025\/05\/\u0646\u062e\u0627\u0644\u0629-\u0642\u0627\u0637\u0648\u0646\u0629.jpg\",\"width\":1000,\"height\":1000},{\"@type\":\"BreadcrumbList\",\"@id\":\"https:\/\/qamh.ma\/produit\/psyllium-bran-250g\/#breadcrumb\",\"itemListElement\":[{\"@type\":\"ListItem\",\"position\":1,\"name\":\"Home\",\"item\":\"https:\/\/qamh.ma\/\"},{\"@type\":\"ListItem\",\"position\":2,\"name\":\"Boutique\",\"item\":\"https:\/\/qamh.ma\/ar\/boutique\/\"},{\"@type\":\"ListItem\",\"position\":3,\"name\":\"PSYLLIUM BRAN 250g\"}]},{\"@type\":\"WebSite\",\"@id\":\"https:\/\/qamh.ma\/#website\",\"url\":\"https:\/\/qamh.ma\/\",\"name\":\"qamh\",\"description\":\"\u062a\u0630\u0648\u0651\u064e\u0642 \u0627\u0644\u0623\u0645\u0627\u0646\",\"publisher\":{\"@id\":\"https:\/\/qamh.ma\/#organization\"},\"potentialAction\":[{\"@type\":\"SearchAction\",\"target\":{\"@type\":\"EntryPoint\",\"urlTemplate\":\"https:\/\/qamh.ma\/?s={search_term_string}\"},\"query-input\":{\"@type\":\"PropertyValueSpecification\",\"valueRequired\":true,\"valueName\":\"search_term_string\"}}],\"inLanguage\":\"ar\"},{\"@type\":\"Organization\",\"@id\":\"https:\/\/qamh.ma\/#organization\",\"name\":\"qamh\",\"url\":\"https:\/\/qamh.ma\/\",\"logo\":{\"@type\":\"ImageObject\",\"inLanguage\":\"ar\",\"@id\":\"https:\/\/qamh.ma\/#\/schema\/logo\/image\/\",\"url\":\"https:\/\/qamh.ma\/wp-content\/uploads\/2023\/09\/logo.png\",\"contentUrl\":\"https:\/\/qamh.ma\/wp-content\/uploads\/2023\/09\/logo.png\",\"width\":260,\"height\":284,\"caption\":\"qamh\"},\"image\":{\"@id\":\"https:\/\/qamh.ma\/#\/schema\/logo\/image\/\"},\"sameAs\":[\"https:\/\/web.facebook.com\/profile.php?id=100091915732106\",\"https:\/\/www.instagram.com\/qamh.ma\/\"]}]}<\/script>\n<!-- \/ Yoast SEO plugin. -->","yoast_head_json":{"title":"PSYLLIUM BRAN 250g - \u062a\u0630\u0648\u0651\u064e\u0642 \u0627\u0644\u0623\u0645\u0627\u0646","description":"\u0645\u0627 \u0646\u0642\u062f\u0645\u0647 \u0628\u062b\u0642\u0629 \u0648\u0623\u062e\u0644\u0627\u0642 \u0648\u0645\u0633\u0624\u0648\u0644\u064a\u0629\u060c \u0633\u064a\u0633\u0627\u0647\u0645 \u0641\u064a \u062a\u063a\u064a\u064a\u0631 \u0641\u0643\u0631\u0643 \u062d\u0648\u0644 \u0645\u0639\u0646\u0649 \u0627\u0644\u062a\u0633\u0648\u0642 \u0641\u064a \u0627\u0644\u0645\u063a\u0631\u0628","robots":{"index":"index","follow":"follow","max-snippet":"max-snippet:-1","max-image-preview":"max-image-preview:large","max-video-preview":"max-video-preview:-1"},"canonical":"https:\/\/qamh.ma\/ar\/product\/psyllium-bran-250g\/","og_locale":"ar_AR","og_type":"article","og_title":"PSYLLIUM BRAN 250g - \u062a\u0630\u0648\u0651\u064e\u0642 \u0627\u0644\u0623\u0645\u0627\u0646","og_description":"\u0645\u0627 \u0646\u0642\u062f\u0645\u0647 \u0628\u062b\u0642\u0629 \u0648\u0623\u062e\u0644\u0627\u0642 \u0648\u0645\u0633\u0624\u0648\u0644\u064a\u0629\u060c \u0633\u064a\u0633\u0627\u0647\u0645 \u0641\u064a \u062a\u063a\u064a\u064a\u0631 \u0641\u0643\u0631\u0643 \u062d\u0648\u0644 \u0645\u0639\u0646\u0649 \u0627\u0644\u062a\u0633\u0648\u0642 \u0641\u064a \u0627\u0644\u0645\u063a\u0631\u0628","og_url":"https:\/\/qamh.ma\/ar\/product\/psyllium-bran-250g\/","og_site_name":"qamh","article_publisher":"https:\/\/web.facebook.com\/profile.php?id=100091915732106","article_modified_time":"2025-11-21T11:18:36+00:00","og_image":[{"width":1000,"height":1000,"url":"https:\/\/qamh.ma\/wp-content\/uploads\/2025\/05\/\u0646\u062e\u0627\u0644\u0629-\u0642\u0627\u0637\u0648\u0646\u0629.jpg","type":"image\/jpeg"}],"twitter_card":"summary_large_image","twitter_misc":{"\u0648\u0642\u062a \u0627\u0644\u0642\u0631\u0627\u0621\u0629 \u0627\u0644\u0645\u064f\u0642\u062f\u0651\u0631":"\u062f\u0642\u064a\u0642\u0629 \u0648\u0627\u062d\u062f\u0629"},"schema":{"@context":"https:\/\/schema.org","@graph":[{"@type":["WebPage","ItemPage"],"@id":"https:\/\/qamh.ma\/produit\/psyllium-bran-250g\/","url":"https:\/\/qamh.ma\/produit\/psyllium-bran-250g\/","name":"PSYLLIUM BRAN 250g - \u062a\u0630\u0648\u0651\u064e\u0642 \u0627\u0644\u0623\u0645\u0627\u0646","isPartOf":{"@id":"https:\/\/qamh.ma\/#website"},"primaryImageOfPage":{"@id":"https:\/\/qamh.ma\/produit\/psyllium-bran-250g\/#primaryimage"},"image":{"@id":"https:\/\/qamh.ma\/produit\/psyllium-bran-250g\/#primaryimage"},"thumbnailUrl":"https:\/\/qamh.ma\/wp-content\/uploads\/2025\/05\/\u0646\u062e\u0627\u0644\u0629-\u0642\u0627\u0637\u0648\u0646\u0629.jpg","datePublished":"2025-05-16T17:15:30+00:00","dateModified":"2025-11-21T11:18:36+00:00","description":"\u0645\u0627 \u0646\u0642\u062f\u0645\u0647 \u0628\u062b\u0642\u0629 \u0648\u0623\u062e\u0644\u0627\u0642 \u0648\u0645\u0633\u0624\u0648\u0644\u064a\u0629\u060c \u0633\u064a\u0633\u0627\u0647\u0645 \u0641\u064a \u062a\u063a\u064a\u064a\u0631 \u0641\u0643\u0631\u0643 \u062d\u0648\u0644 \u0645\u0639\u0646\u0649 \u0627\u0644\u062a\u0633\u0648\u0642 \u0641\u064a \u0627\u0644\u0645\u063a\u0631\u0628","breadcrumb":{"@id":"https:\/\/qamh.ma\/produit\/psyllium-bran-250g\/#breadcrumb"},"inLanguage":"ar","potentialAction":[{"@type":"ReadAction","target":["https:\/\/qamh.ma\/produit\/psyllium-bran-250g\/"]}]},{"@type":"ImageObject","inLanguage":"ar","@id":"https:\/\/qamh.ma\/produit\/psyllium-bran-250g\/#primaryimage","url":"https:\/\/qamh.ma\/wp-content\/uploads\/2025\/05\/\u0646\u062e\u0627\u0644\u0629-\u0642\u0627\u0637\u0648\u0646\u0629.jpg","contentUrl":"https:\/\/qamh.ma\/wp-content\/uploads\/2025\/05\/\u0646\u062e\u0627\u0644\u0629-\u0642\u0627\u0637\u0648\u0646\u0629.jpg","width":1000,"height":1000},{"@type":"BreadcrumbList","@id":"https:\/\/qamh.ma\/produit\/psyllium-bran-250g\/#breadcrumb","itemListElement":[{"@type":"ListItem","position":1,"name":"Home","item":"https:\/\/qamh.ma\/"},{"@type":"ListItem","position":2,"name":"Boutique","item":"https:\/\/qamh.ma\/ar\/boutique\/"},{"@type":"ListItem","position":3,"name":"PSYLLIUM BRAN 250g"}]},{"@type":"WebSite","@id":"https:\/\/qamh.ma\/#website","url":"https:\/\/qamh.ma\/","name":"qamh","description":"\u062a\u0630\u0648\u0651\u064e\u0642 \u0627\u0644\u0623\u0645\u0627\u0646","publisher":{"@id":"https:\/\/qamh.ma\/#organization"},"potentialAction":[{"@type":"SearchAction","target":{"@type":"EntryPoint","urlTemplate":"https:\/\/qamh.ma\/?s={search_term_string}"},"query-input":{"@type":"PropertyValueSpecification","valueRequired":true,"valueName":"search_term_string"}}],"inLanguage":"ar"},{"@type":"Organization","@id":"https:\/\/qamh.ma\/#organization","name":"qamh","url":"https:\/\/qamh.ma\/","logo":{"@type":"ImageObject","inLanguage":"ar","@id":"https:\/\/qamh.ma\/#\/schema\/logo\/image\/","url":"https:\/\/qamh.ma\/wp-content\/uploads\/2023\/09\/logo.png","contentUrl":"https:\/\/qamh.ma\/wp-content\/uploads\/2023\/09\/logo.png","width":260,"height":284,"caption":"qamh"},"image":{"@id":"https:\/\/qamh.ma\/#\/schema\/logo\/image\/"},"sameAs":["https:\/\/web.facebook.com\/profile.php?id=100091915732106","https:\/\/www.instagram.com\/qamh.ma\/"]}]}},"jetpack_sharing_enabled":true,"_links":{"self":[{"href":"https:\/\/qamh.ma\/ar\/wp-json\/wp\/v2\/product\/1676","targetHints":{"allow":["GET"]}}],"collection":[{"href":"https:\/\/qamh.ma\/ar\/wp-json\/wp\/v2\/product"}],"about":[{"href":"https:\/\/qamh.ma\/ar\/wp-json\/wp\/v2\/types\/product"}],"replies":[{"embeddable":true,"href":"https:\/\/qamh.ma\/ar\/wp-json\/wp\/v2\/comments?post=1676"}],"wp:featuredmedia":[{"embeddable":true,"href":"https:\/\/qamh.ma\/ar\/wp-json\/wp\/v2\/media\/1677"}],"wp:attachment":[{"href":"https:\/\/qamh.ma\/ar\/wp-json\/wp\/v2\/media?parent=1676"}],"wp:term":[{"taxonomy":"product_cat","embeddable":true,"href":"https:\/\/qamh.ma\/ar\/wp-json\/wp\/v2\/product_cat?post=1676"},{"taxonomy":"product_tag","embeddable":true,"href":"https:\/\/qamh.ma\/ar\/wp-json\/wp\/v2\/product_tag?post=1676"}],"curies":[{"name":"wp","href":"https:\/\/api.w.org\/{rel}","templated":true}]}}