
{"id":512,"date":"2023-12-29T19:07:42","date_gmt":"2023-12-29T18:07:42","guid":{"rendered":"https:\/\/qamh.ma\/?post_type=product&#038;p=512"},"modified":"2025-01-29T11:45:15","modified_gmt":"2025-01-29T10:45:15","slug":"verveine","status":"publish","type":"product","link":"https:\/\/qamh.ma\/ar\/product\/verveine\/","title":{"rendered":"\u0632\u064a\u062a \u0623\u0633\u0627\u0633\u064a \u0627\u0644\u0644\u0648\u064a\u0632\u0629"},"content":{"rendered":"<ul>\n<li>\u0645\u0641\u064a\u062f\u0629 \u0644:<\/li>\n<li>\u0622\u0644\u0627\u0645 \u0627\u0644\u0645\u0641\u0627\u0635\u0644 \u0648\u0627\u0644\u0639\u0636\u0644\u0627\u062a.<\/li>\n<li>Les propri\u00e9t\u00e9s anti-inflammatoires de la verveine odorante incitent \u00e0 l&rsquo;utiliser pour soulager l&rsquo;arthrite, l&rsquo;inflammation articulaire, tendineuse ou musculaire, et les rhumatismes.<\/li>\n<\/ul>","protected":false},"excerpt":{"rendered":"<p>\u0645\u0641\u064a\u062f\u0629 \u0644:<br \/>\nLes douleurs articulaires et musculaires<br \/>\nLes propri\u00e9t\u00e9s anti-inflammatoires de la verveine odorante incitent \u00e0 l&rsquo;utiliser pour soulager l&rsquo;arthrite, l&rsquo;inflammation articulaire, tendineuse ou musculaire, et les rhumatismes.<\/p>","protected":false},"featured_media":513,"comment_status":"open","ping_status":"closed","template":"","meta":{"_eb_attr":""},"product_cat":[29,22,46],"product_tag":[],"class_list":{"0":"post-512","1":"product","2":"type-product","3":"status-publish","4":"has-post-thumbnail","6":"product_cat-categories","7":"product_cat-cosmetiques","8":"product_cat-huiles-essentielles","10":"first","11":"instock","12":"taxable","13":"shipping-taxable","14":"purchasable","15":"product-type-simple"},"yoast_head":"<!-- This site is optimized with the Yoast SEO plugin v26.0 - https:\/\/yoast.com\/wordpress\/plugins\/seo\/ -->\n<title>ESSENTIELLE VERVEINE - \u062a\u0630\u0648\u0651\u064e\u0642 \u0627\u0644\u0623\u0645\u0627\u0646<\/title>\n<meta name=\"description\" content=\"\u0645\u0627 \u0646\u0642\u062f\u0645\u0647 \u0628\u062b\u0642\u0629 \u0648\u0623\u062e\u0644\u0627\u0642 \u0648\u0645\u0633\u0624\u0648\u0644\u064a\u0629\u060c \u0633\u064a\u0633\u0627\u0647\u0645 \u0641\u064a \u062a\u063a\u064a\u064a\u0631 \u0641\u0643\u0631\u0643 \u062d\u0648\u0644 \u0645\u0639\u0646\u0649 \u0627\u0644\u062a\u0633\u0648\u0642 \u0641\u064a \u0627\u0644\u0645\u063a\u0631\u0628\" \/>\n<meta name=\"robots\" content=\"index, follow, max-snippet:-1, max-image-preview:large, max-video-preview:-1\" \/>\n<link rel=\"canonical\" href=\"https:\/\/qamh.ma\/ar\/product\/verveine\/\" \/>\n<meta property=\"og:locale\" content=\"ar_AR\" \/>\n<meta property=\"og:type\" content=\"article\" \/>\n<meta property=\"og:title\" content=\"ESSENTIELLE VERVEINE - \u062a\u0630\u0648\u0651\u064e\u0642 \u0627\u0644\u0623\u0645\u0627\u0646\" \/>\n<meta property=\"og:description\" content=\"\u0645\u0627 \u0646\u0642\u062f\u0645\u0647 \u0628\u062b\u0642\u0629 \u0648\u0623\u062e\u0644\u0627\u0642 \u0648\u0645\u0633\u0624\u0648\u0644\u064a\u0629\u060c \u0633\u064a\u0633\u0627\u0647\u0645 \u0641\u064a \u062a\u063a\u064a\u064a\u0631 \u0641\u0643\u0631\u0643 \u062d\u0648\u0644 \u0645\u0639\u0646\u0649 \u0627\u0644\u062a\u0633\u0648\u0642 \u0641\u064a \u0627\u0644\u0645\u063a\u0631\u0628\" \/>\n<meta property=\"og:url\" content=\"https:\/\/qamh.ma\/ar\/product\/verveine\/\" \/>\n<meta property=\"og:site_name\" content=\"qamh\" \/>\n<meta property=\"article:publisher\" content=\"https:\/\/web.facebook.com\/profile.php?id=100091915732106\" \/>\n<meta property=\"article:modified_time\" content=\"2025-01-29T10:45:15+00:00\" \/>\n<meta property=\"og:image\" content=\"https:\/\/qamh.ma\/wp-content\/uploads\/2023\/12\/VERBENE-OIL-ESSENTIAL-QAMH.jpg\" \/>\n\t<meta property=\"og:image:width\" content=\"1000\" \/>\n\t<meta property=\"og:image:height\" content=\"1000\" \/>\n\t<meta property=\"og:image:type\" content=\"image\/jpeg\" \/>\n<meta name=\"twitter:card\" content=\"summary_large_image\" \/>\n<meta name=\"twitter:label1\" content=\"\u0648\u0642\u062a \u0627\u0644\u0642\u0631\u0627\u0621\u0629 \u0627\u0644\u0645\u064f\u0642\u062f\u0651\u0631\" \/>\n\t<meta name=\"twitter:data1\" content=\"\u062f\u0642\u064a\u0642\u0629 \u0648\u0627\u062d\u062f\u0629\" \/>\n<script type=\"application\/ld+json\" class=\"yoast-schema-graph\">{\"@context\":\"https:\/\/schema.org\",\"@graph\":[{\"@type\":[\"WebPage\",\"ItemPage\"],\"@id\":\"https:\/\/qamh.ma\/produit\/verveine\/\",\"url\":\"https:\/\/qamh.ma\/produit\/verveine\/\",\"name\":\"ESSENTIELLE VERVEINE - \u062a\u0630\u0648\u0651\u064e\u0642 \u0627\u0644\u0623\u0645\u0627\u0646\",\"isPartOf\":{\"@id\":\"https:\/\/qamh.ma\/#website\"},\"primaryImageOfPage\":{\"@id\":\"https:\/\/qamh.ma\/produit\/verveine\/#primaryimage\"},\"image\":{\"@id\":\"https:\/\/qamh.ma\/produit\/verveine\/#primaryimage\"},\"thumbnailUrl\":\"https:\/\/qamh.ma\/wp-content\/uploads\/2023\/12\/VERBENE-OIL-ESSENTIAL-QAMH.jpg\",\"datePublished\":\"2023-12-29T18:07:42+00:00\",\"dateModified\":\"2025-01-29T10:45:15+00:00\",\"description\":\"\u0645\u0627 \u0646\u0642\u062f\u0645\u0647 \u0628\u062b\u0642\u0629 \u0648\u0623\u062e\u0644\u0627\u0642 \u0648\u0645\u0633\u0624\u0648\u0644\u064a\u0629\u060c \u0633\u064a\u0633\u0627\u0647\u0645 \u0641\u064a \u062a\u063a\u064a\u064a\u0631 \u0641\u0643\u0631\u0643 \u062d\u0648\u0644 \u0645\u0639\u0646\u0649 \u0627\u0644\u062a\u0633\u0648\u0642 \u0641\u064a \u0627\u0644\u0645\u063a\u0631\u0628\",\"breadcrumb\":{\"@id\":\"https:\/\/qamh.ma\/produit\/verveine\/#breadcrumb\"},\"inLanguage\":\"ar\",\"potentialAction\":[{\"@type\":\"ReadAction\",\"target\":[\"https:\/\/qamh.ma\/produit\/verveine\/\"]}]},{\"@type\":\"ImageObject\",\"inLanguage\":\"ar\",\"@id\":\"https:\/\/qamh.ma\/produit\/verveine\/#primaryimage\",\"url\":\"https:\/\/qamh.ma\/wp-content\/uploads\/2023\/12\/VERBENE-OIL-ESSENTIAL-QAMH.jpg\",\"contentUrl\":\"https:\/\/qamh.ma\/wp-content\/uploads\/2023\/12\/VERBENE-OIL-ESSENTIAL-QAMH.jpg\",\"width\":1000,\"height\":1000},{\"@type\":\"BreadcrumbList\",\"@id\":\"https:\/\/qamh.ma\/produit\/verveine\/#breadcrumb\",\"itemListElement\":[{\"@type\":\"ListItem\",\"position\":1,\"name\":\"Home\",\"item\":\"https:\/\/qamh.ma\/\"},{\"@type\":\"ListItem\",\"position\":2,\"name\":\"Boutique\",\"item\":\"https:\/\/qamh.ma\/ar\/boutique\/\"},{\"@type\":\"ListItem\",\"position\":3,\"name\":\"ESSENTIELLE VERVEINE\"}]},{\"@type\":\"WebSite\",\"@id\":\"https:\/\/qamh.ma\/#website\",\"url\":\"https:\/\/qamh.ma\/\",\"name\":\"qamh\",\"description\":\"\u062a\u0630\u0648\u0651\u064e\u0642 \u0627\u0644\u0623\u0645\u0627\u0646\",\"publisher\":{\"@id\":\"https:\/\/qamh.ma\/#organization\"},\"potentialAction\":[{\"@type\":\"SearchAction\",\"target\":{\"@type\":\"EntryPoint\",\"urlTemplate\":\"https:\/\/qamh.ma\/?s={search_term_string}\"},\"query-input\":{\"@type\":\"PropertyValueSpecification\",\"valueRequired\":true,\"valueName\":\"search_term_string\"}}],\"inLanguage\":\"ar\"},{\"@type\":\"Organization\",\"@id\":\"https:\/\/qamh.ma\/#organization\",\"name\":\"qamh\",\"url\":\"https:\/\/qamh.ma\/\",\"logo\":{\"@type\":\"ImageObject\",\"inLanguage\":\"ar\",\"@id\":\"https:\/\/qamh.ma\/#\/schema\/logo\/image\/\",\"url\":\"https:\/\/qamh.ma\/wp-content\/uploads\/2023\/09\/logo.png\",\"contentUrl\":\"https:\/\/qamh.ma\/wp-content\/uploads\/2023\/09\/logo.png\",\"width\":260,\"height\":284,\"caption\":\"qamh\"},\"image\":{\"@id\":\"https:\/\/qamh.ma\/#\/schema\/logo\/image\/\"},\"sameAs\":[\"https:\/\/web.facebook.com\/profile.php?id=100091915732106\",\"https:\/\/www.instagram.com\/qamh.ma\/\"]}]}<\/script>\n<!-- \/ Yoast SEO plugin. -->","yoast_head_json":{"title":"ESSENTIELLE VERVEINE - \u062a\u0630\u0648\u0651\u064e\u0642 \u0627\u0644\u0623\u0645\u0627\u0646","description":"\u0645\u0627 \u0646\u0642\u062f\u0645\u0647 \u0628\u062b\u0642\u0629 \u0648\u0623\u062e\u0644\u0627\u0642 \u0648\u0645\u0633\u0624\u0648\u0644\u064a\u0629\u060c \u0633\u064a\u0633\u0627\u0647\u0645 \u0641\u064a \u062a\u063a\u064a\u064a\u0631 \u0641\u0643\u0631\u0643 \u062d\u0648\u0644 \u0645\u0639\u0646\u0649 \u0627\u0644\u062a\u0633\u0648\u0642 \u0641\u064a \u0627\u0644\u0645\u063a\u0631\u0628","robots":{"index":"index","follow":"follow","max-snippet":"max-snippet:-1","max-image-preview":"max-image-preview:large","max-video-preview":"max-video-preview:-1"},"canonical":"https:\/\/qamh.ma\/ar\/product\/verveine\/","og_locale":"ar_AR","og_type":"article","og_title":"ESSENTIELLE VERVEINE - \u062a\u0630\u0648\u0651\u064e\u0642 \u0627\u0644\u0623\u0645\u0627\u0646","og_description":"\u0645\u0627 \u0646\u0642\u062f\u0645\u0647 \u0628\u062b\u0642\u0629 \u0648\u0623\u062e\u0644\u0627\u0642 \u0648\u0645\u0633\u0624\u0648\u0644\u064a\u0629\u060c \u0633\u064a\u0633\u0627\u0647\u0645 \u0641\u064a \u062a\u063a\u064a\u064a\u0631 \u0641\u0643\u0631\u0643 \u062d\u0648\u0644 \u0645\u0639\u0646\u0649 \u0627\u0644\u062a\u0633\u0648\u0642 \u0641\u064a \u0627\u0644\u0645\u063a\u0631\u0628","og_url":"https:\/\/qamh.ma\/ar\/product\/verveine\/","og_site_name":"qamh","article_publisher":"https:\/\/web.facebook.com\/profile.php?id=100091915732106","article_modified_time":"2025-01-29T10:45:15+00:00","og_image":[{"width":1000,"height":1000,"url":"https:\/\/qamh.ma\/wp-content\/uploads\/2023\/12\/VERBENE-OIL-ESSENTIAL-QAMH.jpg","type":"image\/jpeg"}],"twitter_card":"summary_large_image","twitter_misc":{"\u0648\u0642\u062a \u0627\u0644\u0642\u0631\u0627\u0621\u0629 \u0627\u0644\u0645\u064f\u0642\u062f\u0651\u0631":"\u062f\u0642\u064a\u0642\u0629 \u0648\u0627\u062d\u062f\u0629"},"schema":{"@context":"https:\/\/schema.org","@graph":[{"@type":["WebPage","ItemPage"],"@id":"https:\/\/qamh.ma\/produit\/verveine\/","url":"https:\/\/qamh.ma\/produit\/verveine\/","name":"ESSENTIELLE VERVEINE - \u062a\u0630\u0648\u0651\u064e\u0642 \u0627\u0644\u0623\u0645\u0627\u0646","isPartOf":{"@id":"https:\/\/qamh.ma\/#website"},"primaryImageOfPage":{"@id":"https:\/\/qamh.ma\/produit\/verveine\/#primaryimage"},"image":{"@id":"https:\/\/qamh.ma\/produit\/verveine\/#primaryimage"},"thumbnailUrl":"https:\/\/qamh.ma\/wp-content\/uploads\/2023\/12\/VERBENE-OIL-ESSENTIAL-QAMH.jpg","datePublished":"2023-12-29T18:07:42+00:00","dateModified":"2025-01-29T10:45:15+00:00","description":"\u0645\u0627 \u0646\u0642\u062f\u0645\u0647 \u0628\u062b\u0642\u0629 \u0648\u0623\u062e\u0644\u0627\u0642 \u0648\u0645\u0633\u0624\u0648\u0644\u064a\u0629\u060c \u0633\u064a\u0633\u0627\u0647\u0645 \u0641\u064a \u062a\u063a\u064a\u064a\u0631 \u0641\u0643\u0631\u0643 \u062d\u0648\u0644 \u0645\u0639\u0646\u0649 \u0627\u0644\u062a\u0633\u0648\u0642 \u0641\u064a \u0627\u0644\u0645\u063a\u0631\u0628","breadcrumb":{"@id":"https:\/\/qamh.ma\/produit\/verveine\/#breadcrumb"},"inLanguage":"ar","potentialAction":[{"@type":"ReadAction","target":["https:\/\/qamh.ma\/produit\/verveine\/"]}]},{"@type":"ImageObject","inLanguage":"ar","@id":"https:\/\/qamh.ma\/produit\/verveine\/#primaryimage","url":"https:\/\/qamh.ma\/wp-content\/uploads\/2023\/12\/VERBENE-OIL-ESSENTIAL-QAMH.jpg","contentUrl":"https:\/\/qamh.ma\/wp-content\/uploads\/2023\/12\/VERBENE-OIL-ESSENTIAL-QAMH.jpg","width":1000,"height":1000},{"@type":"BreadcrumbList","@id":"https:\/\/qamh.ma\/produit\/verveine\/#breadcrumb","itemListElement":[{"@type":"ListItem","position":1,"name":"Home","item":"https:\/\/qamh.ma\/"},{"@type":"ListItem","position":2,"name":"Boutique","item":"https:\/\/qamh.ma\/ar\/boutique\/"},{"@type":"ListItem","position":3,"name":"ESSENTIELLE VERVEINE"}]},{"@type":"WebSite","@id":"https:\/\/qamh.ma\/#website","url":"https:\/\/qamh.ma\/","name":"qamh","description":"\u062a\u0630\u0648\u0651\u064e\u0642 \u0627\u0644\u0623\u0645\u0627\u0646","publisher":{"@id":"https:\/\/qamh.ma\/#organization"},"potentialAction":[{"@type":"SearchAction","target":{"@type":"EntryPoint","urlTemplate":"https:\/\/qamh.ma\/?s={search_term_string}"},"query-input":{"@type":"PropertyValueSpecification","valueRequired":true,"valueName":"search_term_string"}}],"inLanguage":"ar"},{"@type":"Organization","@id":"https:\/\/qamh.ma\/#organization","name":"qamh","url":"https:\/\/qamh.ma\/","logo":{"@type":"ImageObject","inLanguage":"ar","@id":"https:\/\/qamh.ma\/#\/schema\/logo\/image\/","url":"https:\/\/qamh.ma\/wp-content\/uploads\/2023\/09\/logo.png","contentUrl":"https:\/\/qamh.ma\/wp-content\/uploads\/2023\/09\/logo.png","width":260,"height":284,"caption":"qamh"},"image":{"@id":"https:\/\/qamh.ma\/#\/schema\/logo\/image\/"},"sameAs":["https:\/\/web.facebook.com\/profile.php?id=100091915732106","https:\/\/www.instagram.com\/qamh.ma\/"]}]}},"jetpack_sharing_enabled":true,"_links":{"self":[{"href":"https:\/\/qamh.ma\/ar\/wp-json\/wp\/v2\/product\/512","targetHints":{"allow":["GET"]}}],"collection":[{"href":"https:\/\/qamh.ma\/ar\/wp-json\/wp\/v2\/product"}],"about":[{"href":"https:\/\/qamh.ma\/ar\/wp-json\/wp\/v2\/types\/product"}],"replies":[{"embeddable":true,"href":"https:\/\/qamh.ma\/ar\/wp-json\/wp\/v2\/comments?post=512"}],"wp:featuredmedia":[{"embeddable":true,"href":"https:\/\/qamh.ma\/ar\/wp-json\/wp\/v2\/media\/513"}],"wp:attachment":[{"href":"https:\/\/qamh.ma\/ar\/wp-json\/wp\/v2\/media?parent=512"}],"wp:term":[{"taxonomy":"product_cat","embeddable":true,"href":"https:\/\/qamh.ma\/ar\/wp-json\/wp\/v2\/product_cat?post=512"},{"taxonomy":"product_tag","embeddable":true,"href":"https:\/\/qamh.ma\/ar\/wp-json\/wp\/v2\/product_tag?post=512"}],"curies":[{"name":"wp","href":"https:\/\/api.w.org\/{rel}","templated":true}]}}